{"id":5,"date":"2010-11-06T21:20:14","date_gmt":"2010-11-06T21:20:14","guid":{"rendered":"http:\/\/www.smykprzedszkole.com.pl\/zakatek\/"},"modified":"2025-02-20T18:42:14","modified_gmt":"2025-02-20T18:42:14","slug":"kadra","status":"publish","type":"page","link":"https:\/\/www.smykprzedszkole.com.pl\/zakatek\/kadra\/","title":{"rendered":"Kadra"},"content":{"rendered":"<p>[et_pb_section fb_built=&#8221;1&#8243; _builder_version=&#8221;4.16&#8243; _module_preset=&#8221;default&#8221; global_module=&#8221;238027&#8243; saved_tabs=&#8221;all&#8221; locked=&#8221;off&#8221; global_colors_info=&#8221;{}&#8221;][et_pb_row column_structure=&#8221;2_5,3_5&#8243; _builder_version=&#8221;4.16&#8243; _module_preset=&#8221;default&#8221; width=&#8221;100%&#8221; max_width=&#8221;90%&#8221; global_colors_info=&#8221;{}&#8221;][et_pb_column type=&#8221;2_5&#8243; _builder_version=&#8221;4.16&#8243; _module_preset=&#8221;default&#8221; global_colors_info=&#8221;{}&#8221;][et_pb_image src=&#8221;https:\/\/www.smykprzedszkole.com.pl\/zakatek\/files\/2021\/06\/kadra.jpg&#8221; title_text=&#8221;Child painting with mum.&#8221; _builder_version=&#8221;4.16&#8243; _module_preset=&#8221;default&#8221; animation_style=&#8221;fold&#8221; animation_direction=&#8221;bottom&#8221; border_radii=&#8221;off|50px||50px|&#8221; border_width_top=&#8221;4px&#8221; border_color_top=&#8221;#009ee3&#8243; border_width_right=&#8221;4px&#8221; border_color_right=&#8221;#e7237e&#8221; global_colors_info=&#8221;{}&#8221;][\/et_pb_image][\/et_pb_column][et_pb_column type=&#8221;3_5&#8243; _builder_version=&#8221;4.16&#8243; _module_preset=&#8221;default&#8221; global_colors_info=&#8221;{}&#8221;][et_pb_text_divider cwp_select_style=&#8221;fancy&#8221; cwp_style_fancy=&#8221;wavy&#8221; divider_title=&#8221;Kadra&#8221; _builder_version=&#8221;4.16&#8243; _module_preset=&#8221;default&#8221; header_text_level=&#8221;h1&#8243; header_text_font=&#8221;Combo|700|||||||&#8221; header_text_text_color=&#8221;#ff5574&#8243; header_text_font_size=&#8221;35px&#8221; custom_margin=&#8221;||3px|||&#8221; locked=&#8221;off&#8221; global_colors_info=&#8221;{}&#8221;][\/et_pb_text_divider][et_pb_text _builder_version=&#8221;4.27.4&#8243; _module_preset=&#8221;default&#8221; text_font=&#8221;Lato||||||||&#8221; text_text_color=&#8221;#000000&#8243; text_font_size=&#8221;15px&#8221; header_font=&#8221;Combo|700|||||||&#8221; header_text_align=&#8221;center&#8221; header_text_color=&#8221;#009ee3&#8243; header_font_size=&#8221;35px&#8221; custom_margin=&#8221;||6px|||&#8221; animation_style=&#8221;slide&#8221; animation_direction=&#8221;right&#8221; global_colors_info=&#8221;{}&#8221;]<\/p>\n<h1><b>Kadra Przedszkola Smyk \u2013 z pasj\u0105, empati\u0105 i zaanga\u017cowaniem.<\/b><\/h1>\n<p>[\/et_pb_text][et_pb_text _builder_version=&#8221;4.27.4&#8243; _module_preset=&#8221;default&#8221; text_font=&#8221;Combo||||||||&#8221; text_text_color=&#8221;#000000&#8243; text_font_size=&#8221;15px&#8221; locked=&#8221;off&#8221; global_colors_info=&#8221;{}&#8221;]<\/p>\n<div>Nasi nauczyciele \u2013 przewodnicy po \u015bwiecie emocji i wiedzy<\/div>\n<div><\/div>\n<div>\ud83d\udc69\u200d\ud83c\udfeb Nauczycielki Smyka to osoby, kt\u00f3re:<\/div>\n<div>\u2714 Pracuj\u0105 zgodnie z filozofi\u0105 Pozytywnej Dyscypliny \u2013 pomagaj\u0105 dzieciom rozwija\u0107 samodzielno\u015b\u0107, poczucie sprawczo\u015bci i odpowiedzialno\u015bci poprzez budowanie zdrowych relacji, zamiast stosowania kar i nagr\u00f3d.<\/div>\n<div><\/div>\n<div>\u2714 Komunikuj\u0105 si\u0119 w duchu NVC (Porozumienia bez Przemocy) \u2013 ucz\u0105 dzieci rozpoznawania emocji, wyra\u017cania potrzeb i budowania bliskich, pe\u0142nych szacunku relacji z innymi.<\/div>\n<div><\/div>\n<div>\u2714 Stosuj\u0105 elementy Treningu Umiej\u0119tno\u015bci Spo\u0142ecznych (TUS) \u2013 wspieraj\u0105 dzieci w rozwijaniu kompetencji spo\u0142ecznych, takich jak wsp\u00f3\u0142praca, asertywno\u015b\u0107 i rozwi\u0105zywanie konflikt\u00f3w w spos\u00f3b pokojowy.<\/div>\n<div><\/div>\n<div>\u2714 Inspiruj\u0105 si\u0119 pedagogik\u0105 Reggio Emilia \u2013 tworz\u0105 przestrze\u0144, w kt\u00f3rej dzieci ucz\u0105 si\u0119 przez do\u015bwiadczenie, odkrywaj\u0105 swoje zainteresowania i rozwijaj\u0105 kreatywno\u015b\u0107, a nauczyciel pe\u0142ni rol\u0119 wspieraj\u0105cego przewodnika.<\/div>\n<div><\/div>\n<div>\u2714 Stosuj\u0105 glottodydaktyk\u0119 \u2013 wspieraj\u0105 rozw\u00f3j j\u0119zykowy dzieci w spos\u00f3b naturalny, poprzez zabaw\u0119 i aktywno\u015bci dostosowane do indywidualnych mo\u017cliwo\u015bci ka\u017cdego dziecka, pomagaj\u0105c w nauce czytania i pisania w spos\u00f3b anga\u017cuj\u0105cy i przyjazny.<\/div>\n<div><\/div>\n<div>\u2714 Podchodz\u0105 do ka\u017cdego dziecka indywidualnie \u2013 rozumiej\u0105, \u017ce ka\u017cde dziecko ma sw\u00f3j w\u0142asny rytm rozwoju i potrzeby, dlatego dostosowuj\u0105 metody pracy tak, by zapewni\u0107 maluchom poczucie bezpiecze\u0144stwa i komfortu.<\/div>\n<div><\/div>\n<div>\u2714 Dbaj\u0105 o atmosfer\u0119 pe\u0142n\u0105 ciep\u0142a i akceptacji \u2013 tworz\u0105 \u015brodowisko, w kt\u00f3rym dzieci czuj\u0105 si\u0119 wa\u017cne, rozumiane i wspierane w swoim rozwoju.<\/div>\n<p>[\/et_pb_text][\/et_pb_column][\/et_pb_row][\/et_pb_section][et_pb_section fb_built=&#8221;1&#8243; theme_builder_area=&#8221;post_content&#8221; _builder_version=&#8221;4.27.4&#8243; _module_preset=&#8221;default&#8221;][\/et_pb_section]<\/p>\n","protected":false},"excerpt":{"rendered":"<p>Kadra Przedszkola Smyk \u2013 z pasj\u0105, empati\u0105 i zaanga\u017cowaniem.Nasi nauczyciele \u2013 przewodnicy po \u015bwiecie emocji i wiedzy \ud83d\udc69\u200d\ud83c\udfeb Nauczycielki Smyka to osoby, kt\u00f3re: \u2714 Pracuj\u0105 zgodnie z filozofi\u0105 Pozytywnej Dyscypliny \u2013 pomagaj\u0105 dzieciom rozwija\u0107 samodzielno\u015b\u0107, poczucie sprawczo\u015bci i odpowiedzialno\u015bci poprzez budowanie zdrowych relacji, zamiast stosowania kar i nagr\u00f3d. \u2714 Komunikuj\u0105 si\u0119 w duchu NVC (Porozumienia [&hellip;]<\/p>\n","protected":false},"author":1,"featured_media":0,"parent":0,"menu_order":0,"comment_status":"closed","ping_status":"closed","template":"","meta":{"_et_pb_use_builder":"on","_et_pb_old_content":"<p style=\"text-align: justify\"><span style=\"color: #000000\">Wiedza, do\u015bwiadczenie, zabawa i pasja - to nas \u0142\u0105czy. Tworzymy wykszta\u0142cony, profesjonalny zesp\u00f3\u0142. Mamy ogromne szcz\u0119\u015bcie, bo robimy to co umiemy i lubimy. Jeste\u015bmy kreatywni , ci\u0105gle poszukujemy i doskonalimy swoj\u0105 wiedz\u0119. \u015awiat si\u0119 zmienia, a my dotrzymujemy mu kroku. :) W pracy wykorzystujemy to co sprawdzone i co nowe- najlepsze dla prawid\u0142owego rozwoju dziecka. Oferujemy najwy\u017cszy poziom opieki i wychowania\u00a0 dla Pa\u0144stwa pociech.<\/span><\/p>\r\n\r\n<h3 style=\"text-align: justify\"><strong><span style=\"color: #000000\">Karolina Rybkowska - Dyrektor, nauczyciel<\/span><\/strong><\/h3>\r\n<p style=\"text-align: justify\"><a href=\"http:\/\/www.smykprzedszkole.com.pl\/zakatek\/files\/2021\/05\/187960608_508381127173910_7767814667599068155_n.jpg\"><img class=\"alignleft size-thumbnail wp-image-12536\" src=\"http:\/\/www.smykprzedszkole.com.pl\/zakatek\/files\/2021\/05\/187960608_508381127173910_7767814667599068155_n-150x150.jpg\" alt=\"\" width=\"150\" height=\"150\" \/><\/a><span style=\"color: #000000\">Absolwentka studi\u00f3w\u00a0 z zakresu edukacji wczesnoszkolnej oraz studi\u00f3w magisterskich z zakresu rehabilitacji spo\u0142eczno \u2013 zawodowej na Akademii Pedagogiki Specjalnej im. M. Grzegorzewskiej w Warszawie. W pracy z dzie\u0107mi przede wszystkim kieruje si\u0119 indywidualnymi potrzebami i mo\u017cliwo\u015bciami dziecka poprzez wzmacnianie mocnych stron rozwoju a niwelowanie tych s\u0142abszych. Uwa\u017ca, \u017ce jednym z podstawowych element\u00f3w pracy z dzieckiem jest stworzenie mu przyjaznego i bezpiecznego \u015brodowiska do rozwoju. Praca z dzie\u0107mi daje jej bardzo du\u017co rado\u015bci a obserwowanie post\u0119p\u00f3w podopiecznych jest najwi\u0119ksz\u0105 motywacj\u0105 do dzia\u0142ania. Ka\u017cdy dzie\u0144 traktuje jako wyzwanie, a u\u015bmiech i rado\u015b\u0107 dziecka s\u0105 dla niej najlepsz\u0105 nagrod\u0105. <strong>W przedszkolu jest wychowawca grupy\u00a0\"Liski\".<\/strong>\u00a0Posiada uko\u0144czone szkolenia z zakresu\u00a0<strong>\"Dyscypliny bez Nakaz\u00f3w\"<\/strong>\u00a0wg. Agnieszki Chartanowicz,\u00a0<strong>\"Metody aktywnego s\u0142uchania muzyki\"<\/strong>\u00a0wg. Batii Strauss,\u00a0<strong>\"STEAM-owa Glottodydaktyka\"<\/strong>, <strong>\"Piosenka i ruch\"<\/strong> wg. Marii Tomaszewskiej, <strong>\"Podstawy czytania sylabowego\", \"Jak pracowa\u0107 z klas\u0105, w kt\u00f3rej jest ucze\u0144 z zespo\u0142em Aspergera lub autyzmem\",<\/strong> kt\u00f3re stosuje w codziennej pracy z dzie\u0107mi. Dodatkowo uko\u0144czy\u0142a <strong>kurs pierwszej pomocy przedmedycznej.<\/strong><\/span><\/p>\r\n\r\n<h3 style=\"text-align: justify\"><strong><span style=\"color: #000000\">Angelina Mroczkiewicz - nauczyciel<\/span><\/strong><\/h3>\r\n<p style=\"text-align: justify\"><a href=\"http:\/\/www.smykprzedszkole.com.pl\/zakatek\/files\/2021\/05\/188335914_294212032436535_7359529477105337894_n.jpg\"><img class=\"alignleft size-thumbnail wp-image-12555\" src=\"http:\/\/www.smykprzedszkole.com.pl\/zakatek\/files\/2021\/05\/188335914_294212032436535_7359529477105337894_n-150x150.jpg\" alt=\"\" width=\"150\" height=\"150\" \/><\/a>Absolwentka Wy\u017cszej Szko\u0142y Pedagogicznej im. ZNP na kierunku\u00a0 Pedagogika Wczesnoszkolna z terapi\u0105 pedagogiczn\u0105.\u00a0 Swoj\u0105 prac\u0119 z przedszkolem rozpocz\u0119\u0142a w 2012 r.\u00a0<strong>W przedszkolu SMYK jest wychowawc\u0105 grupy \u201eGumisie\u201d.<\/strong>\u00a0Praca z dzie\u0107mi daje jej du\u017co rado\u015bci oraz satysfakcji, inspiruje j\u0105 dzieci\u0119ca niepowtarzalno\u015b\u0107 i wyobra\u017ania. Jest osob\u0105 otwarta,\u00a0 u\u015bmiechni\u0119t\u0105, pozytywnie nastawion\u0105 do \u017cycia. Jej celem w pracy jest stworzenie dzieciom przyjaznej domowej atmosfery, \u00a0a tak\u017ce zapewnienie im bezpiecze\u0144stwa i poczucia, \u017ce s\u0105 kim\u015b wyj\u0105tkowym.\u00a0<strong>Uko\u0144czy\u0142a\u00a0wiele szkole\u0144 min.\u00a0 ,,Weso\u0142e j\u0119zyczki\",\u00a0<\/strong>oraz kurs<strong>\u00a0,,Muzykoterapia\", \"Show Pedagogika\" wg. Agnieszki Chartanowicz, \"W krainie papieru - zabawy ruchowe do wierszy i piosenek\"<\/strong>, kt\u00f3re stosuje podczas codziennej pracy ze swoimi wychowankami. Dodatkowo uko\u0144czy\u0142a <strong>kurs pierwszej pomocy przedmedycznej.<\/strong><\/p>\r\n\r\n<h3 style=\"text-align: justify\"><strong><span style=\"color: #000000\">Izabela Lisovyk - nauczyciel<\/span><\/strong><\/h3>\r\n<p style=\"text-align: justify\"><a href=\"http:\/\/www.smykprzedszkole.com.pl\/zakatek\/files\/2021\/05\/187371098_395070494943801_3474242142003167907_n.jpg\"><img class=\"alignleft size-thumbnail wp-image-12538\" src=\"http:\/\/www.smykprzedszkole.com.pl\/zakatek\/files\/2021\/05\/187371098_395070494943801_3474242142003167907_n-150x150.jpg\" alt=\"\" width=\"150\" height=\"150\" \/><\/a>Absolwentka Spo\u0142ecznej Akademii Nauk w\u00a0 Warszawie na kierunku edukacja wczesnoszkolna i przedszkolna. Jest osob\u0105 kreatywn\u0105 i ciep\u0142\u0105. Priorytetem dla niej jest wszechstronne poznanie dziecka, zaspokojenie jego potrzeb oraz stworzenie warunk\u00f3w zapewniaj\u0105cych mu poczucie bezpiecze\u0144stwa.\u00a0<strong>W przedszkolu obecnie jest wychowawc\u0105 w grupie \"Smerfy\"<\/strong>. Prac\u0119 z dzie\u0107mi uwa\u017ca za prac\u0119 marze\u0144. Uko\u0144czy\u0142a mi\u0119dzy innymi <strong>kurs \"Profilaktyka zaburze\u0144 SI\", \"Melorytmiczna koncepcja wspomagaj\u0105ca nauk\u0119 czytania\"<\/strong>, kt\u00f3rych za\u0142o\u017cenia wdra\u017ca w codziennej pracy z dzie\u0107mi. Uko\u0144czy\u0142a r\u00f3wnie\u017c <strong>kurs pierwszej pomocy przedmedycznej.<\/strong><\/p>\r\n\r\n<h3 style=\"text-align: justify\"><strong><span style=\"color: #000000\">Edyta Karczemska - nauczyciel<\/span><\/strong><\/h3>\r\n<p style=\"text-align: justify\"><a href=\"http:\/\/www.smykprzedszkole.com.pl\/zakatek\/files\/2021\/05\/187288038_1818005391713685_72445749736281765_n.jpg\"><img class=\"alignleft size-thumbnail wp-image-12537\" src=\"http:\/\/www.smykprzedszkole.com.pl\/zakatek\/files\/2021\/05\/187288038_1818005391713685_72445749736281765_n-150x150.jpg\" alt=\"\" width=\"150\" height=\"150\" \/><\/a>Absolwentka Wy\u017cszej Szko\u0142y Pedagogicznej TWP w Warszawie. Ze naszym przedszkolem zwi\u0105zana jest od 2007 r i w tym czasie by\u0142a nauczycielem w r\u00f3\u017cnych grupach wiekowych. Jest osob\u0105 kreatywn\u0105 i spontaniczn\u0105. Lubi zaskakiwa\u0107 dzieci ciekawymi zabawami i r\u00f3\u017cnymi formami aktywno\u015bci plastycznej. Podczas pracy ze swoimi podopiecznymi najwa\u017cniejszy jest u\u015bmiech na twarzy dziecka.\u00a0<strong>W przedszkolu jest wychowawc\u0105 grupy \"S\u00f3wki\".<\/strong>\u00a0Uko\u0144czy\u0142a wiele kurs\u00f3w doszkalaj\u0105cych min. <strong>\"Muzykoterapia\", \"Edukacja Matematyczna Dzieci w wieku przedszkolnym i wczesnoszkolnym\", \"Formy aktywno\u015bci plastycznej we wczesnej edukacji dziecka\".\u00a0<\/strong>Posiada r\u00f3wnie\u017c uko\u0144czony kurs z zakresu pierwszej pomocy przedmedycznej.<\/p>\r\n\r\n<h3 style=\"text-align: justify\"><strong><span style=\"color: #000000\">Renata Kostrzewa - pomoc nauczyciela<\/span><\/strong><\/h3>\r\n<p style=\"text-align: justify\"><a href=\"http:\/\/www.smykprzedszkole.com.pl\/zakatek\/files\/2021\/05\/190166244_4420426841302797_8137604305200040611_n.jpg\"><img class=\"alignleft size-thumbnail wp-image-12554\" src=\"http:\/\/www.smykprzedszkole.com.pl\/zakatek\/files\/2021\/05\/190166244_4420426841302797_8137604305200040611_n-150x150.jpg\" alt=\"\" width=\"150\" height=\"150\" \/><\/a>Prac\u0119 z dzie\u0107mi traktuje jako swoj\u0105 \u017cyciow\u0105 pasj\u0119, a u\u015bmiech dziecka jako najlepsz\u0105 motywacj\u0119 do dalszej pracy. Dla Cioci Renatki nie ma zada\u0144 niemo\u017cliwych do wykonania, zawsze pe\u0142na pasji i zaanga\u017cowania stwarza dzieciom pe\u0142n\u0105 bezpiecze\u0144stwa i niemal rodzinn\u0105 atmosfer\u0119. Pe\u0142na kreatywnych pomys\u0142\u00f3w, stara si\u0119 umili\u0107 naszym podopiecznym czas sp\u0119dzony w naszym przedszkolu. Uko\u0144czy\u0142a min. szkolenie z zakresu<strong> \"Agresywne dziecko w grupie - metody socjoterapeutyczne\".<\/strong><\/p>\r\n\r\n<h3><span style=\"color: #000000\">Monika Za\u0142uska - pomoc nauczyciela<\/span><\/h3>\r\n<a href=\"http:\/\/www.smykprzedszkole.com.pl\/zakatek\/files\/2021\/05\/188613752_186609543338140_945468675190187331_n.jpg\"><img class=\"alignleft size-thumbnail wp-image-12530\" src=\"http:\/\/www.smykprzedszkole.com.pl\/zakatek\/files\/2021\/05\/188613752_186609543338140_945468675190187331_n-150x150.jpg\" alt=\"\" width=\"150\" height=\"150\" \/><\/a>\r\n<p style=\"text-align: left\">Ciocia Monika swoim u\u015bmiechem codziennie wprowadza pozytywn\u0105 atmosfer\u0119 w naszym przedszkolu. Stara si\u0119 by ka\u017cdy dzie\u0144 by\u0142 dla Smyk\u00f3w pe\u0142en rado\u015bci i domowej atmosfery. Zawsze gotowa do pomocy, serdeczna i empatyczna, kt\u00f3ra dobro dziecka stawia zawsze na pierwszym miejscu.<\/p>\r\n\r\n<h3><span style=\"color: #000000\">Edyta Pokropek - kucharka<\/span><\/h3>\r\n<a href=\"http:\/\/www.smykprzedszkole.com.pl\/zakatek\/files\/2021\/05\/187524910_1158170447989684_3644853723280090465_n.jpg\"><img class=\"alignleft size-thumbnail wp-image-12531\" src=\"http:\/\/www.smykprzedszkole.com.pl\/zakatek\/files\/2021\/05\/187524910_1158170447989684_3644853723280090465_n-150x150.jpg\" alt=\"\" width=\"150\" height=\"150\" \/><\/a>\r\n\r\nCiocia Edytka jak nikt inny wie jak dogodzi\u0107 naszym Smykom w kwestiach kulinarnych. Codziennie przygotowuje pyszne, po\u017cywne a przede wszystkim zdrowe posi\u0142ki, wk\u0142adaj\u0105c w to ca\u0142e swoje serce. Puste talerze oraz u\u015bmiechni\u0119te buzie s\u0105 najwa\u017cniejsz\u0105 recenzj\u0105 pracy Cioci Edytki.\r\n<h3><\/h3>\r\n<h3><\/h3>\r\n<h3 style=\"text-align: justify\"><strong><span style=\"color: #000000\">Zaj\u0119cia dodatkowe - instruktorzy<\/span><\/strong><\/h3>\r\n<h3><strong><span style=\"color: #000000\">Mateusz Miernecki - j\u0119zyk angielski<\/span><\/strong><\/h3>\r\n<p style=\"text-align: justify\"><a href=\"http:\/\/www.smykprzedszkole.com.pl\/zakatek\/files\/2021\/01\/mati-m.jpg\" rel=\"attachment wp-att-12380\"><img class=\"alignleft size-thumbnail wp-image-12380\" src=\"http:\/\/www.smykprzedszkole.com.pl\/zakatek\/files\/2021\/01\/mati-m-150x150.jpg\" alt=\"mati-m\" width=\"150\" height=\"150\" \/><\/a>Naucza r\u00f3\u017cnymi metodami, dostosowuj\u0105c je do indywidualnych potrzeb ka\u017cdego ucznia tak aby rozwin\u0105\u0107 wszystkie zdolno\u015bci j\u0119zykowe, przede wszystkim prze\u0142ama\u0107 barier\u0119 m\u00f3wienia. Stara si\u0119 zach\u0119ci\u0107 dzieci do nauki j\u0119zyka poprzez wprowadzanie gier i zabaw ruchowych.<\/p>\r\n\r\n<h3 style=\"text-align: justify\"><strong><span style=\"color: #000000\">Kamil Rutkowski - rytmika<\/span><\/strong><\/h3>\r\n<p style=\"text-align: justify\"><a href=\"http:\/\/www.smykprzedszkole.com.pl\/zakatek\/files\/2010\/11\/ryt.jpg\" rel=\"attachment wp-att-12067\"><img class=\"alignleft size-thumbnail wp-image-12067\" src=\"http:\/\/www.smykprzedszkole.com.pl\/zakatek\/files\/2010\/11\/ryt-150x150.jpg\" alt=\"ryt\" width=\"150\" height=\"150\" \/><\/a>Absolwent ZSM 1 w Warszawie w klasie saksofonu. Absolwent wydzia\u0142u muzykologii Uniwersytetu Warszawskiego. Od 10 lat pracuje z dzie\u0107mi prowadz\u0105c zaj\u0119cia , warsztaty oraz kursy z m\u0142odzie\u017c\u0105.<\/p>\r\n\r\n<h3 style=\"text-align: justify\"><strong><span style=\"color: #000000\">\u0141ukasz Kosi\u0144ski - taniec<\/span><\/strong><\/h3>\r\n<p style=\"text-align: justify\"><a href=\"http:\/\/www.smykprzedszkole.com.pl\/zakatek\/files\/2010\/11\/taniec-e1581499094407.jpeg\" rel=\"attachment wp-att-12060\"><img class=\"alignleft size-thumbnail wp-image-12060\" src=\"http:\/\/www.smykprzedszkole.com.pl\/zakatek\/files\/2010\/11\/taniec-e1581499094407-150x150.jpeg\" alt=\"taniec\" width=\"150\" height=\"150\" \/><\/a>Dyplomowany instruktor ta\u0144ca z przygotowaniem pedagogicznym, za\u0142o\u017cyciel Szko\u0142y Ta\u0144ca Flash. Nauk\u0105 ta\u0144ca zajmuje si\u0119 ju\u017c prawie 10 lat, w tym 6 lat to praca z dzie\u0107mi. Aktywny tancerz i 2 v-ce Mistrz Polski, na koncie jest tak\u017ce Mistrzostwo Okr\u0119gu Mazowieckiego, Fina\u0142 Mistrzostw Polski, Fina\u0142y GPP. Ostatnim sukcesem z roku 2015 jest 3 miejsce na Open \u015aroda Wielkopolska. Zaj\u0119cia taneczne w przedszkolu odbywaj\u0105 si\u0119 w spos\u00f3b ciekawy. Nauczanie dzieci to spe\u0142nienie marze\u0144. Ich ch\u0119\u0107 do ta\u0144ca i trud jaki wk\u0142adaj\u0105 w zaj\u0119cia podw\u00f3jnie motywuje i daje ogromn\u0105 satysfakcj\u0119.<\/p>\r\n\r\n<h3 style=\"text-align: justify\"><strong><span style=\"color: #000000\">Antonina Szulczyk - glottodydaktyka<\/span><\/strong><\/h3>\r\n<p style=\"text-align: justify\"><a href=\"http:\/\/www.smykprzedszkole.com.pl\/zakatek\/files\/2010\/11\/GLLO.jpg\" rel=\"attachment wp-att-12063\"><img class=\"alignleft size-thumbnail wp-image-12063\" src=\"http:\/\/www.smykprzedszkole.com.pl\/zakatek\/files\/2010\/11\/GLLO-150x150.jpg\" alt=\"GLLO\" width=\"150\" height=\"150\" \/><\/a>Absolwentka Uniwersytetu Warszawskiego na kierunku filologia polska, uko\u0144czy\u0142a specjalizacj\u0119 nauki j\u0119zyka polskiego , jako j\u0119zyka obcego, co czyni ja glottodydaktyczk\u0105 obcoj\u0119zyczn\u0105, inaczej lektork\u0105 j\u0119zyka polskiego , jako obcego.\u00a0 W pracy z dzie\u0107mi jest zawsze kreatywna, jej zaj\u0119cia s\u0105 ciekawe i rozbudzaj\u0105 zainteresowanie dzieci j\u0119zykiem polskim.<\/p>\r\n\r\n<h3 style=\"text-align: justify\"><span style=\"color: #000000\"><strong>Antonina Domalska - Szulczyk - ceramika<\/strong><\/span><\/h3>\r\n<p style=\"text-align: justify\"><a href=\"http:\/\/www.smykprzedszkole.com.pl\/zakatek\/files\/2010\/11\/cer.jpg\" rel=\"attachment wp-att-12062\"><img class=\"alignleft size-thumbnail wp-image-12062\" src=\"http:\/\/www.smykprzedszkole.com.pl\/zakatek\/files\/2010\/11\/cer-150x150.jpg\" alt=\"cer\" width=\"150\" height=\"150\" \/><\/a>Z wykszta\u0142cenia jest instruktorem kulturalno-wychowawczym o specjalno\u015bci teatr. Zawsze interesowa\u0142a si\u0119 sztuk\u0105, zw\u0142aszcza tw\u00f3rczo\u015bci\u0105 plastyczn\u0105 , dlatego zdecydowa\u0142a si\u0119 na szereg kurs\u00f3w ceramicznych. Od pi\u0119ciu lat prowadzi , z du\u017cym poczuciem misji jak\u0105 jest rozwijanie wyobra\u017ani, kreatywno\u015bci i wra\u017cliwo\u015bci uczni\u00f3w zaj\u0119cia ceramiczne.<\/p>\r\n\r\n<h3 style=\"text-align: justify\"><strong><span style=\"color: #000000\">Jakub Malicki - karate<\/span><\/strong><\/h3>\r\n<p style=\"text-align: justify\"><a href=\"http:\/\/www.smykprzedszkole.com.pl\/zakatek\/files\/2021\/01\/Jakub-Malicki.jpg\" rel=\"attachment wp-att-12382\"><img class=\"alignleft size-thumbnail wp-image-12382\" src=\"http:\/\/www.smykprzedszkole.com.pl\/zakatek\/files\/2021\/01\/Jakub-Malicki-150x150.jpg\" alt=\"Jakub Malicki\" width=\"150\" height=\"150\" \/><\/a>Za\u0142o\u017cyciel UKS BUDO Grodzisk Mazowiecki, reprezentant Polski, urodzony kumiciarz, multimedalista, absolwent Akademii Wychowania Fizycznego w Warszawie na kierunku fizjoterapia.\u00a0Nale\u017cy do kadry narodowej kraju. Na co dzie\u0144 pracuje jako instruktor karate w szko\u0142ach i prowadzi sekcje zawodnicz\u0105 klubu.<\/p>\r\n\r\n<h3 style=\"text-align: justify\"><strong><span style=\"color: #000000\">Ma\u0142gorzata Rudnicka - logopedia<\/span><\/strong><\/h3>\r\n<p style=\"text-align: justify\"><a href=\"http:\/\/www.smykprzedszkole.com.pl\/zakatek\/files\/2010\/11\/logop.jpeg\" rel=\"attachment wp-att-12061\"><img class=\"alignleft size-thumbnail wp-image-12061\" src=\"http:\/\/www.smykprzedszkole.com.pl\/zakatek\/files\/2010\/11\/logop-150x150.jpeg\" alt=\"logop\" width=\"150\" height=\"150\" \/><\/a>Absolwentka Wy\u017cszej Szko\u0142y Gospodarki Europejskiej im. Alcide De Gesperii w J\u00f3zefowie , magister logopedii, magister przedszkolnej i wczesnoszkolnej z terapi\u0105 pedagogiczn\u0105. Jej pasj\u0105 jest praca z dzie\u0107mi. Jako logopeda wprowadza elementy terapii aby efekty pracy by\u0142y skuteczniejsze. Posiada wiele szkole\u0144 z zakresu logopedii. Zaj\u0119cia prowadzi raz w tygodniu, zaj\u0119cia prowadzone s\u0105 w dw\u00f3ch formach: indywidualna terapia oraz logorytmika. Zaj\u0119cia maj\u0105 na celu rozwijanie mowy biernej i czynnej a tak\u017ce usprawnienie aparatu artykulacyjnego oraz korygowanie wad wymowy.<\/p>","_et_gb_content_width":"","footnotes":""},"class_list":["post-5","page","type-page","status-publish","hentry"],"aioseo_notices":[],"publishpress_future_action":{"enabled":false,"date":"2026-05-09 16:53:34","action":"change-status","newStatus":"draft","terms":[],"taxonomy":"","extraData":[]},"publishpress_future_workflow_manual_trigger":{"enabledWorkflows":[]},"_links":{"self":[{"href":"https:\/\/www.smykprzedszkole.com.pl\/zakatek\/wp-json\/wp\/v2\/pages\/5","targetHints":{"allow":["GET"]}}],"collection":[{"href":"https:\/\/www.smykprzedszkole.com.pl\/zakatek\/wp-json\/wp\/v2\/pages"}],"about":[{"href":"https:\/\/www.smykprzedszkole.com.pl\/zakatek\/wp-json\/wp\/v2\/types\/page"}],"author":[{"embeddable":true,"href":"https:\/\/www.smykprzedszkole.com.pl\/zakatek\/wp-json\/wp\/v2\/users\/1"}],"replies":[{"embeddable":true,"href":"https:\/\/www.smykprzedszkole.com.pl\/zakatek\/wp-json\/wp\/v2\/comments?post=5"}],"version-history":[{"count":227,"href":"https:\/\/www.smykprzedszkole.com.pl\/zakatek\/wp-json\/wp\/v2\/pages\/5\/revisions"}],"predecessor-version":[{"id":238063,"href":"https:\/\/www.smykprzedszkole.com.pl\/zakatek\/wp-json\/wp\/v2\/pages\/5\/revisions\/238063"}],"wp:attachment":[{"href":"https:\/\/www.smykprzedszkole.com.pl\/zakatek\/wp-json\/wp\/v2\/media?parent=5"}],"curies":[{"name":"wp","href":"https:\/\/api.w.org\/{rel}","templated":true}]}}