{"id":11,"date":"2010-11-06T21:22:23","date_gmt":"2010-11-06T21:22:23","guid":{"rendered":"http:\/\/www.smykprzedszkole.com.pl\/zakatek\/"},"modified":"2024-02-12T12:32:50","modified_gmt":"2024-02-12T12:32:50","slug":"oplaty","status":"publish","type":"page","link":"https:\/\/www.smykprzedszkole.com.pl\/zakatek\/o-nas\/oplaty\/","title":{"rendered":"Op\u0142aty"},"content":{"rendered":"<p>[et_pb_section fb_built=&#8221;1&#8243; _builder_version=&#8221;4.16&#8243; _module_preset=&#8221;default&#8221; global_colors_info=&#8221;{}&#8221;][et_pb_row column_structure=&#8221;2_5,3_5&#8243; _builder_version=&#8221;4.16&#8243; _module_preset=&#8221;default&#8221; width=&#8221;100%&#8221; max_width=&#8221;90%&#8221; global_colors_info=&#8221;{}&#8221;][et_pb_column type=&#8221;2_5&#8243; _builder_version=&#8221;4.16&#8243; _module_preset=&#8221;default&#8221; global_colors_info=&#8221;{}&#8221;][et_pb_image src=&#8221;https:\/\/www.smykprzedszkole.com.pl\/zakatek\/files\/2021\/06\/oplaty.jpg&#8221; title_text=&#8221;oplaty&#8221; _builder_version=&#8221;4.16&#8243; _module_preset=&#8221;default&#8221; custom_padding=&#8221;|||0px||&#8221; animation_style=&#8221;flip&#8221; border_radii=&#8221;off|50px||50px|&#8221; border_width_top=&#8221;4px&#8221; border_color_top=&#8221;gcid-cbf296af-5377-4257-8cc2-dac943cb2d49&#8243; border_width_right=&#8221;4px&#8221; border_color_right=&#8221;gcid-a831910f-8668-428f-9229-68effa3f6744&#8243; global_colors_info=&#8221;{%22gcid-cbf296af-5377-4257-8cc2-dac943cb2d49%22:%91%22border_color_top%22%93,%22gcid-a831910f-8668-428f-9229-68effa3f6744%22:%91%22border_color_right%22%93}&#8221;][\/et_pb_image][\/et_pb_column][et_pb_column type=&#8221;3_5&#8243; _builder_version=&#8221;4.16&#8243; _module_preset=&#8221;default&#8221; global_colors_info=&#8221;{}&#8221;][et_pb_text_divider cwp_select_style=&#8221;fancy&#8221; cwp_style_fancy=&#8221;curved&#8221; divider_title=&#8221;Op\u0142aty&#8221; _builder_version=&#8221;4.16&#8243; _module_preset=&#8221;default&#8221; header_text_level=&#8221;h1&#8243; header_text_font=&#8221;Combo|700|||||||&#8221; header_text_text_color=&#8221;#8300E9&#8243; header_text_font_size=&#8221;35px&#8221; global_colors_info=&#8221;{%22gcid-3b8c3e40-536d-45e6-8ede-6833e503613c%22:%91%93}&#8221;][\/et_pb_text_divider][et_pb_text _builder_version=&#8221;4.24.0&#8243; _module_preset=&#8221;default&#8221; text_font=&#8221;Combo||||||||&#8221; text_text_color=&#8221;#000000&#8243; text_font_size=&#8221;16px&#8221; hover_enabled=&#8221;0&#8243; global_colors_info=&#8221;{}&#8221; sticky_enabled=&#8221;0&#8243;]<\/p>\n<p>Zapraszamy\u00a0dzieci od 2 &#8211; 6 roku \u017cycia w godzinach od 7.00 do 18.00, jeste\u015bmy otwarci przez ca\u0142y rok kalendarzowy r\u00f3wnie\u017c podczas miesi\u0119cy wakacyjnych. Nie pobieramy wpisowego!<\/p>\n<p>[\/et_pb_text][et_pb_text _builder_version=&#8221;4.24.0&#8243; _module_preset=&#8221;default&#8221; text_font=&#8221;Combo||||||||&#8221; text_text_color=&#8221;#000000&#8243; text_font_size=&#8221;16px&#8221; link_font=&#8221;Combo|700|||||||&#8221; link_text_color=&#8221;gcid-24df1a3f-4abc-42bc-9ec3-1e6fc2589de4&#8243; animation_style=&#8221;flip&#8221; hover_enabled=&#8221;0&#8243; global_colors_info=&#8221;{%22gcid-24df1a3f-4abc-42bc-9ec3-1e6fc2589de4%22:%91%22link_text_color%22%93}&#8221; sticky_enabled=&#8221;0&#8243;]<\/p>\n<p><strong>Czesne za pobyt Dziecka\u00a0 w przedszkolu w roku 2024\/2025 <\/strong><strong>wynosi 700 z\u0142 (siedemset) miesi\u0119cznie plus stawka \u017cywieniowa w wysoko\u015bci 14 z\u0142 za dzie\u0144.\u00a0<\/strong><\/p>\n<p>W sk\u0142ad czesnego wchodzi;<br \/>-realizacja podstawy programowej<br \/>&#8211;<a href=\"https:\/\/www.smykprzedszkole.com.pl\/zakatek\/zajecia\/\">zaj\u0119cia dodatkowe<\/a><br \/>-zaj\u0119cia prowadzone przez wykwalifikowana kadr\u0119<br \/>-pomoce plastyczno-techniczne<br \/>-atrakcje w przedszkolu(teatrzyki,warsztaty tematyczne)<br \/>-pisemne opinie na temat rozwoju dziecka<br \/>-dyzury nauczycielskie<br \/>-badania przesiewowe logopedyczne<br \/>-badania przesiewowe psychologiczne<br \/>-badania przesiewowe prawid\u0142owej postawy cia\u0142a<br \/>-uroczysto\u015bci przedszkolne<br \/>-upominki okoliczno\u015bciowe<\/p>\n<p>&nbsp;<\/p>\n<p>[\/et_pb_text][\/et_pb_column][\/et_pb_row][\/et_pb_section]<\/p>\n","protected":false},"excerpt":{"rendered":"<p>Zapraszamy\u00a0dzieci od 2 &#8211; 6 roku \u017cycia w godzinach od 7.00 do 18.00, jeste\u015bmy otwarci przez ca\u0142y rok kalendarzowy r\u00f3wnie\u017c podczas miesi\u0119cy wakacyjnych. Nie pobieramy wpisowego!Czesne za pobyt Dziecka\u00a0 w przedszkolu w roku 2024\/2025 wynosi 700 z\u0142 (siedemset) miesi\u0119cznie plus stawka \u017cywieniowa w wysoko\u015bci 14 z\u0142 za dzie\u0144.\u00a0 W sk\u0142ad czesnego wchodzi;-realizacja podstawy programowej-zaj\u0119cia dodatkowe-zaj\u0119cia [&hellip;]<\/p>\n","protected":false},"author":1,"featured_media":0,"parent":9,"menu_order":0,"comment_status":"closed","ping_status":"closed","template":"","meta":{"_et_pb_use_builder":"on","_et_pb_old_content":"<h1><strong>I. Przedszkole.<\/strong><\/h1>\r\n<strong> <\/strong>Czesne za pobyt Dziecka\u00a0 w przedszkolu\u00a0 w roku 2012\/2013 wynosi <strong>580 z\u0142<\/strong> ,jest to op\u0142ata sta\u0142a p\u0142atna przez 12miesi\u0119cy.\r\n\r\nOp\u0142ata za wy\u017cywienie wynosi <strong>140 z\u0142<\/strong>. W\u00a0 przypadku zg\u0142oszonej ci\u0105g\u0142ej nieobecno\u015bci dziecka powy\u017cej 3 dni odliczana jest stawka \u017cywieniowa w wysoko\u015bci 7 z\u0142. dziennie.\r\n\r\nW przypadku rodze\u0144stwa 10% zni\u017cki.\r\n\r\nPrzy podpisaniu umowy przedszkole pobiera op\u0142at\u0119 400 z\u0142. na poczet czesnego za miesi\u0105c wrzesie\u0144 (op\u0142ata dla dzieci nowo przyj\u0119tych).\r\n<strong>Przedszkole nie pobiera wpisowego.<\/strong>\r\n\r\nW ramach czesnego oferujemy:\r\n<ul>\r\n\t<li><strong>opiek\u0119 nad dzieckiem w godz. 6.30-18.00<\/strong>\r\n<strong><\/strong><\/li>\r\n\t<li><strong>zaj\u0119cia dydaktyczne -<\/strong> prowadzone przez wychowawce zgodne z wytycznymi MEN<strong>\r\n<\/strong><\/li>\r\n\t<li><strong>j\u0119zyk angielski<\/strong>- 3 razy w tygodniu<\/li>\r\n\t<li><strong>rytmika<\/strong> \u2013 1 raz w tygodniu<\/li>\r\n\t<li><strong>gimnastyka korekcyjna\/taniec<\/strong> \u2013 wymiennie co tydzie\u0144<\/li>\r\n\t<li>\u00a0<strong>kulinarne potyczki<\/strong>- co 2 tygodnie. Praktyczne\u00a0 zaj\u0119cia kulinarne podczas kt\u00f3rych,\u00a0 odkryjemy przed dzie\u0107mi\u00a0 tajemnice krainy smak\u00f3w i opowiemy ciekawe historie zwi\u0105zane z kuchni\u0105 \u015bwiata, a tak\u017ce b\u0119dziemy\u00a0 piec ciasteczka, robi\u0107 sa\u0142atki i wiele innych smacznych da\u0144.<\/li>\r\n\t<li><strong>Eko-Smyki<\/strong>- 1 raz w miesi\u0105cu. Zaj\u0119cia na kt\u00f3rych dzieci b\u0119d\u0105 ogl\u0105da\u0142y pod mikroskopem wiele interesuj\u0105cych ro\u015blin i nie tylko. Dzi\u0119ki tym zaj\u0119ciom naucz\u0105 si\u0119 szacunku dla przyrody i b\u0119d\u0105 wiedzia\u0142y jak ekologicznie \u017cy\u0107 we w\u0142asnym domu. W ramach zaj\u0119\u0107 dzieci b\u0119d\u0105 sadzi\u0107 warzywa,zio\u0142a a tak\u017ce kwiaty.<\/li>\r\n\t<li><strong>Gliniarze<\/strong>- 1 raz w miesi\u0105cu. Podczas tych fantastycznych zaj\u0119\u0107 b\u0119dziemy rozwija\u0107\u00a0 zdolno\u015bci plastyczne, rozbudza\u0107 wra\u017cliwo\u015b\u0107 artystyczn\u0105 i zapa\u0142 tw\u00f3rczy u dzieci. Tworzone prace b\u0119d\u0105 wypalane i szkliwione przez dzieci.<\/li>\r\n\t<li><strong>Weso\u0142e j\u0119zyki<\/strong>-2 razy w tygodniu. Zaj\u0119cia dla wszystkich dzieci,\u00a0 lubi\u0105cych czasem pokr\u0119ci\u0107 nosem i powykrzywia\u0107 buzi\u0119. To logopedyczna zabawa relaksacyjno-rozwojowa zwi\u0119kszaj\u0105ca otwarto\u015b\u0107 i pewno\u015b\u0107 siebie u dzieci.<\/li>\r\n\t<li><strong>4 nielimitowane posi\u0142ki<\/strong><\/li>\r\n\t<li><strong>zaj\u0119cia plastyczne<\/strong>- codziennie wycinamy,rysujemy, malujemy,rze\u017abimy, lepimy,ugniatamy,wydzieramy,<\/li>\r\n\t<li><strong>zaj\u0119cia ruchowe<\/strong>- codziennie weso\u0142o skaczemy,biegamy, czo\u0142gamy si\u0119<\/li>\r\n\t<li><strong>atrakcje w przedszkolu<\/strong> (przedstawienia teatralne, koncerty, spotkania z ciekawymi lud\u017ami),<\/li>\r\n\t<li><strong>przesiewowe badania logopedyczne<\/strong>.<\/li>\r\n<\/ul>\r\n<h1><strong>II. Grupa \u017c\u0142obkowa<\/strong>.(od 1 do 2 lat)<\/h1>\r\nCzesne za pobyt Dziecka\u00a0 w grupie \u017c\u0142obkowej\u00a0 w roku 2012\/2013 wynosi <strong>680z\u0142<\/strong>. jest to op\u0142ata sta\u0142a p\u0142atna przez 12miesi\u0119cy.\r\nOp\u0142ata za wy\u017cywienie wynosi <strong>140 z<\/strong>\u0142. W\u00a0 przypadku zg\u0142oszonej ci\u0105g\u0142ej nieobecno\u015bci dziecka powy\u017cej 3 dni odliczana jest stawka \u017cywieniowa w wysoko\u015bci 7 z\u0142. dziennie.\r\n\r\n<strong>W grupie \u017c\u0142obkowej realizujemy nast\u0119puj\u0105ce zaj\u0119cia<\/strong>:\r\n- ruchowe, manualne i muzyczne. Program zaj\u0119\u0107 jest tak dostosowywany aby\r\nzaj\u0119cia by\u0142y traktowane przez dzieci jako ukierunkowana zabawa.\r\nWszystkie dzieci bior\u0105 udzia\u0142 w zaj\u0119ciach dostosowanych do ich wieku i rozwoju psychofizycznego.\r\n\r\nW grupie prowadzone s\u0105 nast\u0119puj\u0105ce zaj\u0119cia podstawowe :\r\n- <strong>zabawy muzyczne<\/strong> ( ta\u0144ce, \u015bpiew, zabawa przy muzyce, s\u0142uchanie muzyki,\u00a0 i nauka piosenek)\r\n\r\n-<strong> zabawy ruchowe<\/strong> ( kierowane wg scenariusza nauczyciela, bajki s\u0142owno-ruchowe, inscenizacje,na\u015bladowanie ruch-gest, zaj\u0119cia gimnastyczne na materacach )\r\n\r\n- <strong>plastyczno - manualne<\/strong> (ciastolina, rysowanie, klejenie, wyklejanie, kolorowanie)\r\n\r\n-<strong> atrakcje<\/strong> (przedstawienia teatralne, koncerty, spotkania z ciekawymi lud\u017ami).\r\n\r\n<strong>Je\u017celi jeste\u015bcie Pa\u0144stwo zainteresowani pozostawieniem dziecka w niepe\u0142nym wymiarze godzin serdecznie zapraszamy do naszej plac\u00f3wki celem ustalenia\u00a0 szczeg\u00f3\u0142\u00f3w pobytu Malucha.<\/strong>\r\n\r\nWp\u0142at\u0119 czesnego prosz\u0119 dokonywa\u0107 na nowy nr konta: 55 2490 0005 0000 4520 5360 0841\r\nz dopiskiem: \u00b7czesne za miesi\u0105c: \u00b7imi\u0119 i nazwisko dziecka + grupa","_et_gb_content_width":"","footnotes":""},"class_list":["post-11","page","type-page","status-publish","hentry"],"aioseo_notices":[],"publishpress_future_action":{"enabled":false,"date":"2026-05-09 17:05:44","action":"change-status","newStatus":"draft","terms":[],"taxonomy":"","extraData":[]},"publishpress_future_workflow_manual_trigger":{"enabledWorkflows":[]},"_links":{"self":[{"href":"https:\/\/www.smykprzedszkole.com.pl\/zakatek\/wp-json\/wp\/v2\/pages\/11","targetHints":{"allow":["GET"]}}],"collection":[{"href":"https:\/\/www.smykprzedszkole.com.pl\/zakatek\/wp-json\/wp\/v2\/pages"}],"about":[{"href":"https:\/\/www.smykprzedszkole.com.pl\/zakatek\/wp-json\/wp\/v2\/types\/page"}],"author":[{"embeddable":true,"href":"https:\/\/www.smykprzedszkole.com.pl\/zakatek\/wp-json\/wp\/v2\/users\/1"}],"replies":[{"embeddable":true,"href":"https:\/\/www.smykprzedszkole.com.pl\/zakatek\/wp-json\/wp\/v2\/comments?post=11"}],"version-history":[{"count":43,"href":"https:\/\/www.smykprzedszkole.com.pl\/zakatek\/wp-json\/wp\/v2\/pages\/11\/revisions"}],"predecessor-version":[{"id":237674,"href":"https:\/\/www.smykprzedszkole.com.pl\/zakatek\/wp-json\/wp\/v2\/pages\/11\/revisions\/237674"}],"up":[{"embeddable":true,"href":"https:\/\/www.smykprzedszkole.com.pl\/zakatek\/wp-json\/wp\/v2\/pages\/9"}],"wp:attachment":[{"href":"https:\/\/www.smykprzedszkole.com.pl\/zakatek\/wp-json\/wp\/v2\/media?parent=11"}],"curies":[{"name":"wp","href":"https:\/\/api.w.org\/{rel}","templated":true}]}}