{"id":10,"date":"2010-11-06T21:20:55","date_gmt":"2010-11-06T21:20:55","guid":{"rendered":"http:\/\/www.smykprzedszkole.com.pl\/stawowa\/"},"modified":"2021-06-09T13:48:39","modified_gmt":"2021-06-09T13:48:39","slug":"kontakt","status":"publish","type":"page","link":"https:\/\/www.smykprzedszkole.com.pl\/stawowa\/kontakt\/","title":{"rendered":"Kontakt"},"content":{"rendered":"<p>[et_pb_section fb_built=&#8221;1&#8243; _builder_version=&#8221;4.9.4&#8243; _module_preset=&#8221;default&#8221; locked=&#8221;off&#8221;][et_pb_row column_structure=&#8221;2_5,3_5&#8243; _builder_version=&#8221;4.9.4&#8243; _module_preset=&#8221;default&#8221; width=&#8221;100%&#8221; max_width=&#8221;90%&#8221;][et_pb_column type=&#8221;2_5&#8243; _builder_version=&#8221;4.9.4&#8243; _module_preset=&#8221;default&#8221;][et_pb_image src=&#8221;https:\/\/www.smykprzedszkole.com.pl\/stawowa\/files\/2021\/06\/kontakt.jpg&#8221; title_text=&#8221;little girl calling by phone&#8221; align=&#8221;center&#8221; _builder_version=&#8221;4.9.4&#8243; _module_preset=&#8221;default&#8221; border_radii=&#8221;off|25px||25px|&#8221;][\/et_pb_image][\/et_pb_column][et_pb_column type=&#8221;3_5&#8243; _builder_version=&#8221;4.9.4&#8243; _module_preset=&#8221;default&#8221;][et_pb_text_divider cwp_select_style=&#8221;fancy&#8221; cwp_style_fancy=&#8221;wavy&#8221; divider_title=&#8221;Kontakt&#8221; _builder_version=&#8221;4.9.4&#8243; _module_preset=&#8221;default&#8221; header_text_level=&#8221;h1&#8243; header_text_font=&#8221;Combo|700|||||||&#8221; header_text_text_color=&#8221;gcid-3b8c3e40-536d-45e6-8ede-6833e503613c&#8221; header_text_font_size=&#8221;35px&#8221; global_colors_info=&#8221;{%22gcid-3b8c3e40-536d-45e6-8ede-6833e503613c%22:%91%22header_text_text_color%22%93}&#8221;][\/et_pb_text_divider][et_pb_blurb title=&#8221;Przedszkole Prywatne \u201eSmyk\u201d&#8221; use_icon=&#8221;on&#8221; font_icon=&#8221;%%102%%&#8221; icon_color=&#8221;#7CDA24&#8243; icon_placement=&#8221;left&#8221; _builder_version=&#8221;4.9.4&#8243; _module_preset=&#8221;default&#8221; header_font=&#8221;Combo|700|||||||&#8221; header_text_color=&#8221;gcid-3b8c3e40-536d-45e6-8ede-6833e503613c&#8221; header_font_size=&#8221;25px&#8221; body_font=&#8221;Lato||||||||&#8221; body_text_color=&#8221;#000000&#8243; body_font_size=&#8221;15px&#8221; custom_margin=&#8221;||5px|||&#8221; animation_style=&#8221;slide&#8221; global_colors_info=&#8221;{%22gcid-3b8c3e40-536d-45e6-8ede-6833e503613c%22:%91%22header_text_color%22%93}&#8221;]<\/p>\n<p>ul. Stawowa 6<br \/>Grodzisk Mazowiecki<\/p>\n<p>[\/et_pb_blurb][et_pb_blurb title=&#8221;Telefon przedszkole&#8221; use_icon=&#8221;on&#8221; font_icon=&#8221;%%264%%&#8221; icon_color=&#8221;#7CDA24&#8243; icon_placement=&#8221;left&#8221; _builder_version=&#8221;4.9.4&#8243; _module_preset=&#8221;default&#8221; header_font=&#8221;Combo|700|||||||&#8221; header_text_color=&#8221;gcid-3b8c3e40-536d-45e6-8ede-6833e503613c&#8221; header_font_size=&#8221;25px&#8221; body_font=&#8221;Lato||||||||&#8221; body_text_color=&#8221;#000000&#8243; body_font_size=&#8221;15px&#8221; body_link_text_color=&#8221;#000000&#8243; custom_margin=&#8221;||2px|||&#8221; animation_style=&#8221;slide&#8221; global_colors_info=&#8221;{%22gcid-3b8c3e40-536d-45e6-8ede-6833e503613c%22:%91%22header_text_color%22%93}&#8221;]<\/p>\n<p><a href=\"tel:510297088\">510-297-088<\/a><\/p>\n<p>[\/et_pb_blurb][et_pb_blurb title=&#8221;E-mail&#8221; use_icon=&#8221;on&#8221; font_icon=&#8221;%%109%%&#8221; icon_color=&#8221;#7CDA24&#8243; icon_placement=&#8221;left&#8221; _builder_version=&#8221;4.9.4&#8243; _module_preset=&#8221;default&#8221; header_font=&#8221;Combo|700|||||||&#8221; header_text_color=&#8221;gcid-3b8c3e40-536d-45e6-8ede-6833e503613c&#8221; header_font_size=&#8221;25px&#8221; body_font=&#8221;Lato||||||||&#8221; body_text_color=&#8221;#000000&#8243; body_font_size=&#8221;15px&#8221; body_link_font=&#8221;Lato||||||||&#8221; body_link_text_color=&#8221;#000000&#8243; animation_style=&#8221;slide&#8221; global_colors_info=&#8221;{%22gcid-3b8c3e40-536d-45e6-8ede-6833e503613c%22:%91%22header_text_color%22%93}&#8221;]<\/p>\n<p><a href=\"mailto:przedszkolesmyk@o2.pl%20\">stawowa.smyk@o2.pl<\/a><\/p>\n<p>[\/et_pb_blurb][et_pb_blurb title=&#8221;Klaudyna Boja\u0144czyk \u2013 w\u0142a\u015bciciel&#8221; use_icon=&#8221;on&#8221; font_icon=&#8221;%%258%%&#8221; icon_color=&#8221;#7CDA24&#8243; icon_placement=&#8221;left&#8221; _builder_version=&#8221;4.9.4&#8243; _module_preset=&#8221;default&#8221; header_font=&#8221;Combo|700|||||||&#8221; header_text_color=&#8221;gcid-3b8c3e40-536d-45e6-8ede-6833e503613c&#8221; header_font_size=&#8221;25px&#8221; body_font=&#8221;Lato||||||||&#8221; body_text_color=&#8221;#000000&#8243; body_font_size=&#8221;15px&#8221; body_link_font=&#8221;Lato||||||||&#8221; body_link_text_color=&#8221;#000000&#8243; animation_style=&#8221;slide&#8221; global_colors_info=&#8221;{%22gcid-3b8c3e40-536d-45e6-8ede-6833e503613c%22:%91%22header_text_color%22%93}&#8221;]<\/p>\n<p><a href=\"tel:510065543\">510-065-543<\/a><\/p>\n<p>[\/et_pb_blurb][\/et_pb_column][\/et_pb_row][et_pb_row _builder_version=&#8221;4.9.4&#8243; _module_preset=&#8221;default&#8221; width=&#8221;100%&#8221; max_width=&#8221;90%&#8221;][et_pb_column type=&#8221;4_4&#8243; _builder_version=&#8221;4.9.4&#8243; _module_preset=&#8221;default&#8221;][et_pb_contact_form email=&#8221;stawowa.smyk@o2.pl&#8221; custom_message=&#8221;Imi\u0119 i Nazwisko :%%Name%%||et_pb_line_break_holder||Adres e-mail: %%Email%%||et_pb_line_break_holder||Tre\u015b\u0107 wiadomo\u015bci: %%Message%%||et_pb_line_break_holder||||et_pb_line_break_holder||||et_pb_line_break_holder||Wiadomo\u015b\u0107 wys\u0142ana za pomoc\u0105 formularza kontaktowego ze strony smykprzedszkole.com.pl\/stawowa\/kontakt||et_pb_line_break_holder||&#8221; submit_button_text=&#8221;wy\u015blij&#8221; _builder_version=&#8221;4.9.4&#8243; _module_preset=&#8221;default&#8221; form_field_text_color=&#8221;#000000&#8243; form_field_font=&#8221;Lato|700|||||||&#8221; form_field_font_size=&#8221;15px&#8221; custom_button=&#8221;on&#8221; button_text_color=&#8221;#FFFFFF&#8221; button_bg_color=&#8221;gcid-3b8c3e40-536d-45e6-8ede-6833e503613c&#8221; button_border_radius=&#8221;0px&#8221; button_font=&#8221;Combo|700|||||||&#8221; button_use_icon=&#8221;off&#8221; hover_enabled=&#8221;0&#8243; box_shadow_style_button=&#8221;preset1&#8243; global_colors_info=&#8221;{%22gcid-3b8c3e40-536d-45e6-8ede-6833e503613c%22:%91%22button_bg_color%22%93}&#8221; success_message=&#8221;Dzi\u0119kujemy za przes\u0142anie formularza. Odpowiemy jak najszybciej.&#8221; use_spam_service=&#8221;on&#8221; recaptcha_list=&#8221;piotrmazik9@gmailcom-0&#8243; sticky_enabled=&#8221;0&#8243;][et_pb_contact_field field_id=&#8221;Name&#8221; field_title=&#8221;Imi\u0119 i Nazwisko &#8221; _builder_version=&#8221;4.9.4&#8243; button_text_size__hover_enabled=&#8221;off&#8221; button_one_text_size__hover_enabled=&#8221;off&#8221; button_two_text_size__hover_enabled=&#8221;off&#8221; button_text_color__hover_enabled=&#8221;off&#8221; button_one_text_color__hover_enabled=&#8221;off&#8221; button_two_text_color__hover_enabled=&#8221;off&#8221; button_border_width__hover_enabled=&#8221;off&#8221; button_one_border_width__hover_enabled=&#8221;off&#8221; button_two_border_width__hover_enabled=&#8221;off&#8221; button_border_color__hover_enabled=&#8221;off&#8221; button_one_border_color__hover_enabled=&#8221;off&#8221; button_two_border_color__hover_enabled=&#8221;off&#8221; button_border_radius__hover_enabled=&#8221;off&#8221; button_one_border_radius__hover_enabled=&#8221;off&#8221; button_two_border_radius__hover_enabled=&#8221;off&#8221; button_letter_spacing__hover_enabled=&#8221;off&#8221; button_one_letter_spacing__hover_enabled=&#8221;off&#8221; button_two_letter_spacing__hover_enabled=&#8221;off&#8221; button_bg_color__hover_enabled=&#8221;off&#8221; button_one_bg_color__hover_enabled=&#8221;off&#8221; button_two_bg_color__hover_enabled=&#8221;off&#8221;][\/et_pb_contact_field][et_pb_contact_field field_id=&#8221;Email&#8221; field_title=&#8221;Adres e-mail&#8221; field_type=&#8221;email&#8221; _builder_version=&#8221;4.9.4&#8243; button_text_size__hover_enabled=&#8221;off&#8221; button_one_text_size__hover_enabled=&#8221;off&#8221; button_two_text_size__hover_enabled=&#8221;off&#8221; button_text_color__hover_enabled=&#8221;off&#8221; button_one_text_color__hover_enabled=&#8221;off&#8221; button_two_text_color__hover_enabled=&#8221;off&#8221; button_border_width__hover_enabled=&#8221;off&#8221; button_one_border_width__hover_enabled=&#8221;off&#8221; button_two_border_width__hover_enabled=&#8221;off&#8221; button_border_color__hover_enabled=&#8221;off&#8221; button_one_border_color__hover_enabled=&#8221;off&#8221; button_two_border_color__hover_enabled=&#8221;off&#8221; button_border_radius__hover_enabled=&#8221;off&#8221; button_one_border_radius__hover_enabled=&#8221;off&#8221; button_two_border_radius__hover_enabled=&#8221;off&#8221; button_letter_spacing__hover_enabled=&#8221;off&#8221; button_one_letter_spacing__hover_enabled=&#8221;off&#8221; button_two_letter_spacing__hover_enabled=&#8221;off&#8221; button_bg_color__hover_enabled=&#8221;off&#8221; button_one_bg_color__hover_enabled=&#8221;off&#8221; button_two_bg_color__hover_enabled=&#8221;off&#8221;][\/et_pb_contact_field][et_pb_contact_field field_id=&#8221;Message&#8221; field_title=&#8221;Tre\u015b\u0107 wiadomo\u015bci&#8221; field_type=&#8221;text&#8221; fullwidth_field=&#8221;on&#8221; _builder_version=&#8221;4.9.4&#8243; button_text_size__hover_enabled=&#8221;off&#8221; button_one_text_size__hover_enabled=&#8221;off&#8221; button_two_text_size__hover_enabled=&#8221;off&#8221; button_text_color__hover_enabled=&#8221;off&#8221; button_one_text_color__hover_enabled=&#8221;off&#8221; button_two_text_color__hover_enabled=&#8221;off&#8221; button_border_width__hover_enabled=&#8221;off&#8221; button_one_border_width__hover_enabled=&#8221;off&#8221; button_two_border_width__hover_enabled=&#8221;off&#8221; button_border_color__hover_enabled=&#8221;off&#8221; button_one_border_color__hover_enabled=&#8221;off&#8221; button_two_border_color__hover_enabled=&#8221;off&#8221; button_border_radius__hover_enabled=&#8221;off&#8221; button_one_border_radius__hover_enabled=&#8221;off&#8221; button_two_border_radius__hover_enabled=&#8221;off&#8221; button_letter_spacing__hover_enabled=&#8221;off&#8221; button_one_letter_spacing__hover_enabled=&#8221;off&#8221; button_two_letter_spacing__hover_enabled=&#8221;off&#8221; button_bg_color__hover_enabled=&#8221;off&#8221; button_one_bg_color__hover_enabled=&#8221;off&#8221; button_two_bg_color__hover_enabled=&#8221;off&#8221;][\/et_pb_contact_field][\/et_pb_contact_form][\/et_pb_column][\/et_pb_row][\/et_pb_section]<\/p>\n","protected":false},"excerpt":{"rendered":"<p>ul. Stawowa 6Grodzisk Mazowiecki510-297-088stawowa.smyk@o2.pl510-065-543<\/p>\n","protected":false},"author":1,"featured_media":0,"parent":0,"menu_order":0,"comment_status":"closed","ping_status":"closed","template":"","meta":{"_et_pb_use_builder":"on","_et_pb_old_content":"&nbsp;\r\n\r\n<strong>Prywatne Przedszkole \"Smyk\"<\/strong>\r\n\r\nul. Stawowa 6\r\nGrodzisk Mazowiecki\r\n\r\n<strong>tel:<\/strong> 510-297-088\r\n\r\n<strong>e-mail:<\/strong> stawowa.smyk@o2.pl\r\n\r\n&nbsp;\r\n\r\n<strong>Klaudyna Boja\u0144czyk - w\u0142a\u015bciciel<\/strong>\r\n\r\n510-065-543\r\n\r\n&nbsp;\r\n\r\n[GMP-Map]","_et_gb_content_width":"","footnotes":""},"class_list":["post-10","page","type-page","status-publish","hentry"],"aioseo_notices":[],"publishpress_future_action":{"enabled":false,"date":"2026-05-09 05:18:35","action":"change-status","newStatus":"draft","terms":[],"taxonomy":"","extraData":[]},"publishpress_future_workflow_manual_trigger":{"enabledWorkflows":[]},"_links":{"self":[{"href":"https:\/\/www.smykprzedszkole.com.pl\/stawowa\/wp-json\/wp\/v2\/pages\/10","targetHints":{"allow":["GET"]}}],"collection":[{"href":"https:\/\/www.smykprzedszkole.com.pl\/stawowa\/wp-json\/wp\/v2\/pages"}],"about":[{"href":"https:\/\/www.smykprzedszkole.com.pl\/stawowa\/wp-json\/wp\/v2\/types\/page"}],"author":[{"embeddable":true,"href":"https:\/\/www.smykprzedszkole.com.pl\/stawowa\/wp-json\/wp\/v2\/users\/1"}],"replies":[{"embeddable":true,"href":"https:\/\/www.smykprzedszkole.com.pl\/stawowa\/wp-json\/wp\/v2\/comments?post=10"}],"version-history":[{"count":11,"href":"https:\/\/www.smykprzedszkole.com.pl\/stawowa\/wp-json\/wp\/v2\/pages\/10\/revisions"}],"predecessor-version":[{"id":236721,"href":"https:\/\/www.smykprzedszkole.com.pl\/stawowa\/wp-json\/wp\/v2\/pages\/10\/revisions\/236721"}],"wp:attachment":[{"href":"https:\/\/www.smykprzedszkole.com.pl\/stawowa\/wp-json\/wp\/v2\/media?parent=10"}],"curies":[{"name":"wp","href":"https:\/\/api.w.org\/{rel}","templated":true}]}}